{"id":8878,"date":"2022-11-03T18:19:04","date_gmt":"2022-11-03T16:19:04","guid":{"rendered":"https:\/\/www.jornadesperalexcellencia.cat\/?page_id=8878"},"modified":"2023-10-05T11:41:53","modified_gmt":"2023-10-05T09:41:53","slug":"talento-2022","status":"publish","type":"page","link":"https:\/\/www.jornadesperalexcellencia.cat\/es\/talento-2022\/","title":{"rendered":"Talento 2022"},"content":{"rendered":"<div class=\"vc_row wpb_row vc_row-fluid\" ><div class=\"wpb_column vc_column_container vc_col-sm-12\"><div class=\"vc_column-inner\"><div class=\"wpb_wrapper\">\n\t<div class=\"wpb_text_column wpb_content_element \" >\n\t\t<div class=\"wpb_wrapper\">\n\t\t\t<h3><strong>Escola La Closa<br \/>\nEsterri d\u2019\u00c0neu<\/strong><\/h3>\n\n\t\t<\/div>\n\t<\/div>\n\n\t<div class=\"wpb_text_column wpb_content_element \" >\n\t\t<div class=\"wpb_wrapper\">\n\t\t\t<p>La Escuela ha participado en la IX edici\u00f3n de las Jornadas para la excelencia donde el tema ha sido la <strong>salud mental<\/strong>, hablando de salud y emociones con los ni\u00f1os, para entender que<strong> tener salud es tener bienestar f\u00edsico, mental, social y tambi\u00e9n emocional.<\/strong><\/p>\n<p>La mente est\u00e1 hecha de deseos, emociones, sentimientos, recuerdos, pensamientos y se alimenta de las cosas que hacemos el d\u00eda a d\u00eda, como jugar, conversar, ayudar a los otros, estimar y dejarnos estimar.<\/p>\n<p>Los alumnos de la escuela han mezclado el arte con las emociones. Los ni\u00f1os m\u00e1s peque\u00f1os han trabajado las emociones con m\u00fasica y con el cuento del monstruo de colores y tambi\u00e9n han realizado su propia escultura de las emociones.<\/p>\n<p>Los ni\u00f1os de primaria se han inspirado con el artista japon\u00e9s\u00a0Yoshitosi\u00a0Kanemaki, que nos quiere hacer pensar sobre las emociones humanas. Este artista corta esculturas de madera surrealistas donde varias figuras-que representan la misma persona, se fusionan. Cada ciclo ha escogido una obra de este autor y ha hecho su propia interpretaci\u00f3n.<\/p>\n<p>Os invitamos a ver trabajos realizados los trabajos realizados por todo el alumnado y el proceso creativo.<\/p>\n\n\t\t<\/div>\n\t<\/div>\n<div class=\"vc_empty_space\"   style=\"height: 32px\"><span class=\"vc_empty_space_inner\"><\/span><\/div><div class=\"wpb_gallery wpb_content_element vc_clearfix\" ><div class=\"wpb_wrapper\"><div class=\"wpb_gallery_slides wpb_image_grid\" data-interval=\"3\"><ul class=\"wpb_image_grid_ul\"><li class=\"isotope-item\"><a class=\"prettyphoto\" href=\"https:\/\/www.jornadesperalexcellencia.cat\/wp-content\/uploads\/2022\/10\/2022-JORNADES-EXCELLENCIA-ESTERRI-PIRINEU-57.jpg\" data-rel=\"prettyPhoto[rel-8878-2571929698]\"><img loading=\"lazy\" decoding=\"async\" width=\"300\" height=\"200\" src=\"https:\/\/www.jornadesperalexcellencia.cat\/wp-content\/uploads\/2022\/10\/2022-JORNADES-EXCELLENCIA-ESTERRI-PIRINEU-57-300x200.jpg\" class=\"attachment-medium\" alt=\"\" srcset=\"https:\/\/www.jornadesperalexcellencia.cat\/wp-content\/uploads\/2022\/10\/2022-JORNADES-EXCELLENCIA-ESTERRI-PIRINEU-57-300x200.jpg 300w, https:\/\/www.jornadesperalexcellencia.cat\/wp-content\/uploads\/2022\/10\/2022-JORNADES-EXCELLENCIA-ESTERRI-PIRINEU-57-768x512.jpg 768w, https:\/\/www.jornadesperalexcellencia.cat\/wp-content\/uploads\/2022\/10\/2022-JORNADES-EXCELLENCIA-ESTERRI-PIRINEU-57-600x400.jpg 600w, https:\/\/www.jornadesperalexcellencia.cat\/wp-content\/uploads\/2022\/10\/2022-JORNADES-EXCELLENCIA-ESTERRI-PIRINEU-57.jpg 900w\" sizes=\"auto, (max-width: 300px) 100vw, 300px\" \/><\/a><\/li><li class=\"isotope-item\"><a class=\"prettyphoto\" href=\"https:\/\/www.jornadesperalexcellencia.cat\/wp-content\/uploads\/2022\/10\/2022-JORNADES-EXCELLENCIA-ESTERRI-PIRINEU-56.jpg\" data-rel=\"prettyPhoto[rel-8878-2571929698]\"><img loading=\"lazy\" decoding=\"async\" width=\"300\" height=\"200\" src=\"https:\/\/www.jornadesperalexcellencia.cat\/wp-content\/uploads\/2022\/10\/2022-JORNADES-EXCELLENCIA-ESTERRI-PIRINEU-56-300x200.jpg\" class=\"attachment-medium\" alt=\"\" srcset=\"https:\/\/www.jornadesperalexcellencia.cat\/wp-content\/uploads\/2022\/10\/2022-JORNADES-EXCELLENCIA-ESTERRI-PIRINEU-56-300x200.jpg 300w, https:\/\/www.jornadesperalexcellencia.cat\/wp-content\/uploads\/2022\/10\/2022-JORNADES-EXCELLENCIA-ESTERRI-PIRINEU-56-768x512.jpg 768w, https:\/\/www.jornadesperalexcellencia.cat\/wp-content\/uploads\/2022\/10\/2022-JORNADES-EXCELLENCIA-ESTERRI-PIRINEU-56-600x400.jpg 600w, https:\/\/www.jornadesperalexcellencia.cat\/wp-content\/uploads\/2022\/10\/2022-JORNADES-EXCELLENCIA-ESTERRI-PIRINEU-56.jpg 900w\" sizes=\"auto, (max-width: 300px) 100vw, 300px\" \/><\/a><\/li><li class=\"isotope-item\"><a class=\"prettyphoto\" href=\"https:\/\/www.jornadesperalexcellencia.cat\/wp-content\/uploads\/2022\/11\/2022-jornades-excellencia-salut-mental-escola-1.jpg\" data-rel=\"prettyPhoto[rel-8878-2571929698]\"><img loading=\"lazy\" decoding=\"async\" width=\"300\" height=\"201\" src=\"https:\/\/www.jornadesperalexcellencia.cat\/wp-content\/uploads\/2022\/11\/2022-jornades-excellencia-salut-mental-escola-1-300x201.jpg\" class=\"attachment-medium\" alt=\"\" srcset=\"https:\/\/www.jornadesperalexcellencia.cat\/wp-content\/uploads\/2022\/11\/2022-jornades-excellencia-salut-mental-escola-1-300x201.jpg 300w, https:\/\/www.jornadesperalexcellencia.cat\/wp-content\/uploads\/2022\/11\/2022-jornades-excellencia-salut-mental-escola-1.jpg 600w\" sizes=\"auto, (max-width: 300px) 100vw, 300px\" \/><\/a><\/li><li class=\"isotope-item\"><a class=\"prettyphoto\" href=\"https:\/\/www.jornadesperalexcellencia.cat\/wp-content\/uploads\/2022\/11\/2022-jornades-excellencia-salut-mental-escola-2.jpg\" data-rel=\"prettyPhoto[rel-8878-2571929698]\"><img loading=\"lazy\" decoding=\"async\" width=\"300\" height=\"200\" src=\"https:\/\/www.jornadesperalexcellencia.cat\/wp-content\/uploads\/2022\/11\/2022-jornades-excellencia-salut-mental-escola-2-300x200.jpg\" class=\"attachment-medium\" alt=\"\" srcset=\"https:\/\/www.jornadesperalexcellencia.cat\/wp-content\/uploads\/2022\/11\/2022-jornades-excellencia-salut-mental-escola-2-300x200.jpg 300w, https:\/\/www.jornadesperalexcellencia.cat\/wp-content\/uploads\/2022\/11\/2022-jornades-excellencia-salut-mental-escola-2.jpg 600w\" sizes=\"auto, (max-width: 300px) 100vw, 300px\" \/><\/a><\/li><li class=\"isotope-item\"><a class=\"prettyphoto\" href=\"https:\/\/www.jornadesperalexcellencia.cat\/wp-content\/uploads\/2022\/11\/2022-jornades-excellencia-salut-mental-escola-3.jpg\" data-rel=\"prettyPhoto[rel-8878-2571929698]\"><img loading=\"lazy\" decoding=\"async\" width=\"300\" height=\"200\" src=\"https:\/\/www.jornadesperalexcellencia.cat\/wp-content\/uploads\/2022\/11\/2022-jornades-excellencia-salut-mental-escola-3-300x200.jpg\" class=\"attachment-medium\" alt=\"\" srcset=\"https:\/\/www.jornadesperalexcellencia.cat\/wp-content\/uploads\/2022\/11\/2022-jornades-excellencia-salut-mental-escola-3-300x200.jpg 300w, https:\/\/www.jornadesperalexcellencia.cat\/wp-content\/uploads\/2022\/11\/2022-jornades-excellencia-salut-mental-escola-3.jpg 600w\" sizes=\"auto, (max-width: 300px) 100vw, 300px\" \/><\/a><\/li><li class=\"isotope-item\"><a class=\"prettyphoto\" href=\"https:\/\/www.jornadesperalexcellencia.cat\/wp-content\/uploads\/2022\/11\/2022-jornades-excellencia-salut-mental-escola-4.jpg\" data-rel=\"prettyPhoto[rel-8878-2571929698]\"><img loading=\"lazy\" decoding=\"async\" width=\"300\" height=\"201\" src=\"https:\/\/www.jornadesperalexcellencia.cat\/wp-content\/uploads\/2022\/11\/2022-jornades-excellencia-salut-mental-escola-4-300x201.jpg\" class=\"attachment-medium\" alt=\"\" srcset=\"https:\/\/www.jornadesperalexcellencia.cat\/wp-content\/uploads\/2022\/11\/2022-jornades-excellencia-salut-mental-escola-4-300x201.jpg 300w, https:\/\/www.jornadesperalexcellencia.cat\/wp-content\/uploads\/2022\/11\/2022-jornades-excellencia-salut-mental-escola-4.jpg 600w\" sizes=\"auto, (max-width: 300px) 100vw, 300px\" \/><\/a><\/li><li class=\"isotope-item\"><a class=\"prettyphoto\" href=\"https:\/\/www.jornadesperalexcellencia.cat\/wp-content\/uploads\/2022\/11\/2022-jornades-excellencia-salut-mental-escola-5.jpg\" data-rel=\"prettyPhoto[rel-8878-2571929698]\"><img loading=\"lazy\" decoding=\"async\" width=\"300\" height=\"200\" src=\"https:\/\/www.jornadesperalexcellencia.cat\/wp-content\/uploads\/2022\/11\/2022-jornades-excellencia-salut-mental-escola-5-300x200.jpg\" class=\"attachment-medium\" alt=\"\" srcset=\"https:\/\/www.jornadesperalexcellencia.cat\/wp-content\/uploads\/2022\/11\/2022-jornades-excellencia-salut-mental-escola-5-300x200.jpg 300w, https:\/\/www.jornadesperalexcellencia.cat\/wp-content\/uploads\/2022\/11\/2022-jornades-excellencia-salut-mental-escola-5.jpg 600w\" sizes=\"auto, (max-width: 300px) 100vw, 300px\" \/><\/a><\/li><li class=\"isotope-item\"><a class=\"prettyphoto\" href=\"https:\/\/www.jornadesperalexcellencia.cat\/wp-content\/uploads\/2022\/11\/2022-jornades-excellencia-salut-mental-escola-6.jpg\" data-rel=\"prettyPhoto[rel-8878-2571929698]\"><img loading=\"lazy\" decoding=\"async\" width=\"300\" height=\"201\" src=\"https:\/\/www.jornadesperalexcellencia.cat\/wp-content\/uploads\/2022\/11\/2022-jornades-excellencia-salut-mental-escola-6-300x201.jpg\" class=\"attachment-medium\" alt=\"\" srcset=\"https:\/\/www.jornadesperalexcellencia.cat\/wp-content\/uploads\/2022\/11\/2022-jornades-excellencia-salut-mental-escola-6-300x201.jpg 300w, https:\/\/www.jornadesperalexcellencia.cat\/wp-content\/uploads\/2022\/11\/2022-jornades-excellencia-salut-mental-escola-6.jpg 600w\" sizes=\"auto, (max-width: 300px) 100vw, 300px\" \/><\/a><\/li><li class=\"isotope-item\"><a class=\"prettyphoto\" href=\"https:\/\/www.jornadesperalexcellencia.cat\/wp-content\/uploads\/2022\/11\/2022-jornades-excellencia-salut-mental-escola-7.jpg\" data-rel=\"prettyPhoto[rel-8878-2571929698]\"><img loading=\"lazy\" decoding=\"async\" width=\"300\" height=\"201\" src=\"https:\/\/www.jornadesperalexcellencia.cat\/wp-content\/uploads\/2022\/11\/2022-jornades-excellencia-salut-mental-escola-7-300x201.jpg\" class=\"attachment-medium\" alt=\"\" srcset=\"https:\/\/www.jornadesperalexcellencia.cat\/wp-content\/uploads\/2022\/11\/2022-jornades-excellencia-salut-mental-escola-7-300x201.jpg 300w, https:\/\/www.jornadesperalexcellencia.cat\/wp-content\/uploads\/2022\/11\/2022-jornades-excellencia-salut-mental-escola-7.jpg 600w\" sizes=\"auto, (max-width: 300px) 100vw, 300px\" \/><\/a><\/li><li class=\"isotope-item\"><a class=\"prettyphoto\" href=\"https:\/\/www.jornadesperalexcellencia.cat\/wp-content\/uploads\/2022\/11\/2022-jornades-excellencia-salut-mental-escola-9.jpg\" data-rel=\"prettyPhoto[rel-8878-2571929698]\"><img loading=\"lazy\" decoding=\"async\" width=\"300\" height=\"200\" src=\"https:\/\/www.jornadesperalexcellencia.cat\/wp-content\/uploads\/2022\/11\/2022-jornades-excellencia-salut-mental-escola-9-300x200.jpg\" class=\"attachment-medium\" alt=\"\" srcset=\"https:\/\/www.jornadesperalexcellencia.cat\/wp-content\/uploads\/2022\/11\/2022-jornades-excellencia-salut-mental-escola-9-300x200.jpg 300w, https:\/\/www.jornadesperalexcellencia.cat\/wp-content\/uploads\/2022\/11\/2022-jornades-excellencia-salut-mental-escola-9.jpg 600w\" sizes=\"auto, (max-width: 300px) 100vw, 300px\" \/><\/a><\/li><li class=\"isotope-item\"><a class=\"prettyphoto\" href=\"https:\/\/www.jornadesperalexcellencia.cat\/wp-content\/uploads\/2022\/11\/2022-jornades-excellencia-salut-mental-escola.jpg\" data-rel=\"prettyPhoto[rel-8878-2571929698]\"><img loading=\"lazy\" decoding=\"async\" width=\"300\" height=\"200\" src=\"https:\/\/www.jornadesperalexcellencia.cat\/wp-content\/uploads\/2022\/11\/2022-jornades-excellencia-salut-mental-escola-300x200.jpg\" class=\"attachment-medium\" alt=\"\" srcset=\"https:\/\/www.jornadesperalexcellencia.cat\/wp-content\/uploads\/2022\/11\/2022-jornades-excellencia-salut-mental-escola-300x200.jpg 300w, https:\/\/www.jornadesperalexcellencia.cat\/wp-content\/uploads\/2022\/11\/2022-jornades-excellencia-salut-mental-escola.jpg 600w\" sizes=\"auto, (max-width: 300px) 100vw, 300px\" \/><\/a><\/li><li class=\"isotope-item\"><a class=\"prettyphoto\" href=\"https:\/\/www.jornadesperalexcellencia.cat\/wp-content\/uploads\/2022\/11\/2022-jornades-excellencia-salut-mental-escola-8.jpg\" data-rel=\"prettyPhoto[rel-8878-2571929698]\"><img loading=\"lazy\" decoding=\"async\" width=\"300\" height=\"200\" src=\"https:\/\/www.jornadesperalexcellencia.cat\/wp-content\/uploads\/2022\/11\/2022-jornades-excellencia-salut-mental-escola-8-300x200.jpg\" class=\"attachment-medium\" alt=\"\" srcset=\"https:\/\/www.jornadesperalexcellencia.cat\/wp-content\/uploads\/2022\/11\/2022-jornades-excellencia-salut-mental-escola-8-300x200.jpg 300w, https:\/\/www.jornadesperalexcellencia.cat\/wp-content\/uploads\/2022\/11\/2022-jornades-excellencia-salut-mental-escola-8.jpg 600w\" sizes=\"auto, (max-width: 300px) 100vw, 300px\" \/><\/a><\/li><\/ul><\/div><\/div><\/div><\/div><\/div><\/div><\/div>\n","protected":false},"excerpt":{"rendered":"Escola La Closa Esterri d\u2019\u00c0neu La Escuela ha participado en la IX edici\u00f3n de las Jornadas para la excelencia donde el tema ha sido la salud mental, hablando de salud y emociones con los ni\u00f1os, para entender que tener salud es tener bienestar f\u00edsico, mental, social y tambi\u00e9n emocional. La mente est\u00e1 hecha de deseos, emociones, sentimientos, recuerdos, pensamientos y se alimenta de las cosas que hacemos el d\u00eda a d\u00eda, como jugar, conversar, ayudar a los otros, estimar y [...]","protected":false},"author":1,"featured_media":0,"parent":0,"menu_order":0,"comment_status":"closed","ping_status":"closed","template":"","meta":{"footnotes":""},"class_list":["post-8878","page","type-page","status-publish","hentry"],"yoast_head":"<!-- This site is optimized with the Yoast SEO plugin v27.5 - https:\/\/yoast.com\/product\/yoast-seo-wordpress\/ -->\n<title>Projectes Talent \u2013 Jornades per a l&#039;Excel\u00b7l\u00e8ncia<\/title>\n<meta name=\"description\" content=\"Diferents projectes de talent per a fomentar la solidaritat, creixement personal, treballar en equip i la m\u00fasica tradicional a les comarques pirinenques.\" \/>\n<meta name=\"robots\" content=\"index, follow, max-snippet:-1, max-image-preview:large, max-video-preview:-1\" \/>\n<link rel=\"canonical\" href=\"https:\/\/www.jornadesperalexcellencia.cat\/es\/talento-2022\/\" \/>\n<meta property=\"og:locale\" content=\"es_ES\" \/>\n<meta property=\"og:type\" content=\"article\" \/>\n<meta property=\"og:title\" content=\"Projectes Talent \u2013 Jornades per a l&#039;Excel\u00b7l\u00e8ncia\" \/>\n<meta property=\"og:description\" content=\"Diferents projectes de talent per a fomentar la solidaritat, creixement personal, treballar en equip i la m\u00fasica tradicional a les comarques pirinenques.\" \/>\n<meta property=\"og:url\" content=\"https:\/\/www.jornadesperalexcellencia.cat\/es\/talento-2022\/\" \/>\n<meta property=\"og:site_name\" content=\"Jornades per a l&#039;excel\u00b7l\u00e8ncia\" \/>\n<meta property=\"article:modified_time\" content=\"2023-10-05T09:41:53+00:00\" \/>\n<meta name=\"twitter:card\" content=\"summary_large_image\" \/>\n<meta name=\"twitter:label1\" content=\"Tiempo de lectura\" \/>\n\t<meta name=\"twitter:data1\" content=\"1 minuto\" \/>\n<script type=\"application\/ld+json\" class=\"yoast-schema-graph\">{\"@context\":\"https:\\\/\\\/schema.org\",\"@graph\":[{\"@type\":\"WebPage\",\"@id\":\"https:\\\/\\\/www.jornadesperalexcellencia.cat\\\/es\\\/talento-2022\\\/\",\"url\":\"https:\\\/\\\/www.jornadesperalexcellencia.cat\\\/es\\\/talento-2022\\\/\",\"name\":\"Projectes Talent \u2013 Jornades per a l'Excel\u00b7l\u00e8ncia\",\"isPartOf\":{\"@id\":\"https:\\\/\\\/www.jornadesperalexcellencia.cat\\\/es\\\/#website\"},\"datePublished\":\"2022-11-03T16:19:04+00:00\",\"dateModified\":\"2023-10-05T09:41:53+00:00\",\"description\":\"Diferents projectes de talent per a fomentar la solidaritat, creixement personal, treballar en equip i la m\u00fasica tradicional a les comarques pirinenques.\",\"breadcrumb\":{\"@id\":\"https:\\\/\\\/www.jornadesperalexcellencia.cat\\\/es\\\/talento-2022\\\/#breadcrumb\"},\"inLanguage\":\"es\",\"potentialAction\":[{\"@type\":\"ReadAction\",\"target\":[\"https:\\\/\\\/www.jornadesperalexcellencia.cat\\\/es\\\/talento-2022\\\/\"]}]},{\"@type\":\"BreadcrumbList\",\"@id\":\"https:\\\/\\\/www.jornadesperalexcellencia.cat\\\/es\\\/talento-2022\\\/#breadcrumb\",\"itemListElement\":[{\"@type\":\"ListItem\",\"position\":1,\"name\":\"Inici\",\"item\":\"https:\\\/\\\/www.jornadesperalexcellencia.cat\\\/es\\\/inicio\\\/\"},{\"@type\":\"ListItem\",\"position\":2,\"name\":\"Talento 2022\"}]},{\"@type\":\"WebSite\",\"@id\":\"https:\\\/\\\/www.jornadesperalexcellencia.cat\\\/es\\\/#website\",\"url\":\"https:\\\/\\\/www.jornadesperalexcellencia.cat\\\/es\\\/\",\"name\":\"Jornades per a l&#039;excel\u00b7l\u00e8ncia\",\"description\":\"Confer\u00e8ncies anuals per al progr\u00e9s i desenvolupament dels territoris del Pirineu. Esterri d&#039;\u00c0neu i Andorra.\",\"alternateName\":\"Jornades per a l'excel\u00b7l\u00e8ncia\",\"potentialAction\":[{\"@type\":\"SearchAction\",\"target\":{\"@type\":\"EntryPoint\",\"urlTemplate\":\"https:\\\/\\\/www.jornadesperalexcellencia.cat\\\/es\\\/?s={search_term_string}\"},\"query-input\":{\"@type\":\"PropertyValueSpecification\",\"valueRequired\":true,\"valueName\":\"search_term_string\"}}],\"inLanguage\":\"es\"}]}<\/script>\n<!-- \/ Yoast SEO plugin. -->","yoast_head_json":{"title":"Projectes Talent \u2013 Jornades per a l'Excel\u00b7l\u00e8ncia","description":"Diferents projectes de talent per a fomentar la solidaritat, creixement personal, treballar en equip i la m\u00fasica tradicional a les comarques pirinenques.","robots":{"index":"index","follow":"follow","max-snippet":"max-snippet:-1","max-image-preview":"max-image-preview:large","max-video-preview":"max-video-preview:-1"},"canonical":"https:\/\/www.jornadesperalexcellencia.cat\/es\/talento-2022\/","og_locale":"es_ES","og_type":"article","og_title":"Projectes Talent \u2013 Jornades per a l'Excel\u00b7l\u00e8ncia","og_description":"Diferents projectes de talent per a fomentar la solidaritat, creixement personal, treballar en equip i la m\u00fasica tradicional a les comarques pirinenques.","og_url":"https:\/\/www.jornadesperalexcellencia.cat\/es\/talento-2022\/","og_site_name":"Jornades per a l&#039;excel\u00b7l\u00e8ncia","article_modified_time":"2023-10-05T09:41:53+00:00","twitter_card":"summary_large_image","twitter_misc":{"Tiempo de lectura":"1 minuto"},"schema":{"@context":"https:\/\/schema.org","@graph":[{"@type":"WebPage","@id":"https:\/\/www.jornadesperalexcellencia.cat\/es\/talento-2022\/","url":"https:\/\/www.jornadesperalexcellencia.cat\/es\/talento-2022\/","name":"Projectes Talent \u2013 Jornades per a l'Excel\u00b7l\u00e8ncia","isPartOf":{"@id":"https:\/\/www.jornadesperalexcellencia.cat\/es\/#website"},"datePublished":"2022-11-03T16:19:04+00:00","dateModified":"2023-10-05T09:41:53+00:00","description":"Diferents projectes de talent per a fomentar la solidaritat, creixement personal, treballar en equip i la m\u00fasica tradicional a les comarques pirinenques.","breadcrumb":{"@id":"https:\/\/www.jornadesperalexcellencia.cat\/es\/talento-2022\/#breadcrumb"},"inLanguage":"es","potentialAction":[{"@type":"ReadAction","target":["https:\/\/www.jornadesperalexcellencia.cat\/es\/talento-2022\/"]}]},{"@type":"BreadcrumbList","@id":"https:\/\/www.jornadesperalexcellencia.cat\/es\/talento-2022\/#breadcrumb","itemListElement":[{"@type":"ListItem","position":1,"name":"Inici","item":"https:\/\/www.jornadesperalexcellencia.cat\/es\/inicio\/"},{"@type":"ListItem","position":2,"name":"Talento 2022"}]},{"@type":"WebSite","@id":"https:\/\/www.jornadesperalexcellencia.cat\/es\/#website","url":"https:\/\/www.jornadesperalexcellencia.cat\/es\/","name":"Jornades per a l&#039;excel\u00b7l\u00e8ncia","description":"Confer\u00e8ncies anuals per al progr\u00e9s i desenvolupament dels territoris del Pirineu. Esterri d&#039;\u00c0neu i Andorra.","alternateName":"Jornades per a l'excel\u00b7l\u00e8ncia","potentialAction":[{"@type":"SearchAction","target":{"@type":"EntryPoint","urlTemplate":"https:\/\/www.jornadesperalexcellencia.cat\/es\/?s={search_term_string}"},"query-input":{"@type":"PropertyValueSpecification","valueRequired":true,"valueName":"search_term_string"}}],"inLanguage":"es"}]}},"_links":{"self":[{"href":"https:\/\/www.jornadesperalexcellencia.cat\/es\/wp-json\/wp\/v2\/pages\/8878","targetHints":{"allow":["GET"]}}],"collection":[{"href":"https:\/\/www.jornadesperalexcellencia.cat\/es\/wp-json\/wp\/v2\/pages"}],"about":[{"href":"https:\/\/www.jornadesperalexcellencia.cat\/es\/wp-json\/wp\/v2\/types\/page"}],"author":[{"embeddable":true,"href":"https:\/\/www.jornadesperalexcellencia.cat\/es\/wp-json\/wp\/v2\/users\/1"}],"replies":[{"embeddable":true,"href":"https:\/\/www.jornadesperalexcellencia.cat\/es\/wp-json\/wp\/v2\/comments?post=8878"}],"version-history":[{"count":0,"href":"https:\/\/www.jornadesperalexcellencia.cat\/es\/wp-json\/wp\/v2\/pages\/8878\/revisions"}],"wp:attachment":[{"href":"https:\/\/www.jornadesperalexcellencia.cat\/es\/wp-json\/wp\/v2\/media?parent=8878"}],"curies":[{"name":"wp","href":"https:\/\/api.w.org\/{rel}","templated":true}]}}