{"id":12366,"date":"2026-04-20T11:21:40","date_gmt":"2026-04-20T09:21:40","guid":{"rendered":"https:\/\/www.jornadesperalexcellencia.cat\/?page_id=12366"},"modified":"2026-04-20T11:34:08","modified_gmt":"2026-04-20T09:34:08","slug":"edicion-2026","status":"publish","type":"page","link":"https:\/\/www.jornadesperalexcellencia.cat\/es\/edicion-2026\/","title":{"rendered":"Edici\u00f3n 2026"},"content":{"rendered":"<div class=\"qodef-row-grid-section-wrapper\"  ><div class=\"qodef-row-grid-section\"><div class=\"vc_row wpb_row vc_row-fluid vc_custom_1611140215249 vc_column-gap-20\" ><div class=\"wpb_column vc_column_container vc_col-sm-12\"><div class=\"vc_column-inner\"><div class=\"wpb_wrapper\"><div class=\"qodef-section-title-holder   qodef-st-title-left qodef-st-normal-space qodef-st-with-animation\" >\n\t<div class=\"qodef-st-inner\">\n\t\t\t\t\t\t\t\t\t<div class=\"qodef-st-text-wrapper\">\n\t\t\t\t<h5 class=\"qodef-st-text\" >\n\t\t\t\t\t2 y 3 de octubre\t\t\t\t<\/h5>\n\t\t\t<\/div>\n\t\t\t<\/div>\n<\/div><div class=\"qodef-section-title-holder   qodef-st-title-left qodef-st-normal-space qodef-st-with-animation\" >\n\t<div class=\"qodef-st-inner\">\n\t\t\t\t\t<span class=\"qodef-st-tagline\" >\n\t\t\t\tJornades_Excel\u00b7l\u00e8ncia_2026\t\t\t<\/span>\n\t\t\t\t\t\t\t<div class=\"qodef-st-title-wrapper\">\n\t\t\t\t<h2 class=\"qodef-st-title\" >\n\t\t\t\t\tPirineos en Red\t\t\t\t<\/h2>\n\t\t\t<\/div>\n\t\t\t\t\t\t\t<div class=\"qodef-st-text-wrapper\">\n\t\t\t\t<h5 class=\"qodef-st-text\" >\n\t\t\t\t\tMovilidad y conectividad\t\t\t\t<\/h5>\n\t\t\t<\/div>\n\t\t\t<\/div>\n<\/div><div class=\"vc_empty_space\"   style=\"height: 32px\"><span class=\"vc_empty_space_inner\"><\/span><\/div><div class=\"vc_empty_space\"   style=\"height: 32px\"><span class=\"vc_empty_space_inner\"><\/span><\/div><\/div><\/div><\/div><\/div><\/div><\/div>","protected":false},"excerpt":{"rendered":"2 y 3 de octubre Jornades_Excel\u00b7l\u00e8ncia_2026 Pirineos en Red Movilidad y conectividad","protected":false},"author":1,"featured_media":0,"parent":0,"menu_order":0,"comment_status":"closed","ping_status":"closed","template":"full-width.php","meta":{"footnotes":""},"class_list":["post-12366","page","type-page","status-publish","hentry"],"yoast_head":"<!-- This site is optimized with the Yoast SEO plugin v27.4 - https:\/\/yoast.com\/product\/yoast-seo-wordpress\/ -->\n<title>Los retos del agua. La gesti\u00f3n para un ma\u00f1ana sostenible<\/title>\n<meta name=\"description\" content=\"La gesti\u00f3n sostenible del agua en el Pirineo es el tema de las 12 Jornadas para la excelencia. El Alto Pirineo y el Ar\u00e1n enfrentan grandes desaf\u00edos en la gesti\u00f3n sostenible del agua debido al cambio clim\u00e1tico, la presi\u00f3n tur\u00edstica y las demandas agr\u00edcolas y energ\u00e9ticas. Para garantizar la calidad y disponibilidad del agua, es necesaria una planificaci\u00f3n hidrol\u00f3gica integrada con la cooperaci\u00f3n de administraciones, agentes econ\u00f3micos y ciudadan\u00eda.\" \/>\n<meta name=\"robots\" content=\"index, follow, max-snippet:-1, max-image-preview:large, max-video-preview:-1\" \/>\n<link rel=\"canonical\" href=\"https:\/\/www.jornadesperalexcellencia.cat\/es\/edicion-2026\/\" \/>\n<meta property=\"og:locale\" content=\"es_ES\" \/>\n<meta property=\"og:type\" content=\"article\" \/>\n<meta property=\"og:title\" content=\"Los retos del agua. La gesti\u00f3n para un ma\u00f1ana sostenible\" \/>\n<meta property=\"og:description\" content=\"La gesti\u00f3n sostenible del agua en el Pirineo es el tema de las 12 Jornadas para la excelencia. El Alto Pirineo y el Ar\u00e1n enfrentan grandes desaf\u00edos en la gesti\u00f3n sostenible del agua debido al cambio clim\u00e1tico, la presi\u00f3n tur\u00edstica y las demandas agr\u00edcolas y energ\u00e9ticas. Para garantizar la calidad y disponibilidad del agua, es necesaria una planificaci\u00f3n hidrol\u00f3gica integrada con la cooperaci\u00f3n de administraciones, agentes econ\u00f3micos y ciudadan\u00eda.\" \/>\n<meta property=\"og:url\" content=\"https:\/\/www.jornadesperalexcellencia.cat\/es\/edicion-2026\/\" \/>\n<meta property=\"og:site_name\" content=\"Jornades per a l&#039;excel\u00b7l\u00e8ncia\" \/>\n<meta property=\"article:modified_time\" content=\"2026-04-20T09:34:08+00:00\" \/>\n<meta name=\"twitter:card\" content=\"summary_large_image\" \/>\n<meta name=\"twitter:label1\" content=\"Tiempo de lectura\" \/>\n\t<meta name=\"twitter:data1\" content=\"4 minutos\" \/>\n<script type=\"application\/ld+json\" class=\"yoast-schema-graph\">{\"@context\":\"https:\\\/\\\/schema.org\",\"@graph\":[{\"@type\":\"WebPage\",\"@id\":\"https:\\\/\\\/www.jornadesperalexcellencia.cat\\\/es\\\/edicion-2026\\\/\",\"url\":\"https:\\\/\\\/www.jornadesperalexcellencia.cat\\\/es\\\/edicion-2026\\\/\",\"name\":\"Los retos del agua. La gesti\u00f3n para un ma\u00f1ana sostenible\",\"isPartOf\":{\"@id\":\"https:\\\/\\\/www.jornadesperalexcellencia.cat\\\/es\\\/#website\"},\"datePublished\":\"2026-04-20T09:21:40+00:00\",\"dateModified\":\"2026-04-20T09:34:08+00:00\",\"description\":\"La gesti\u00f3n sostenible del agua en el Pirineo es el tema de las 12 Jornadas para la excelencia. El Alto Pirineo y el Ar\u00e1n enfrentan grandes desaf\u00edos en la gesti\u00f3n sostenible del agua debido al cambio clim\u00e1tico, la presi\u00f3n tur\u00edstica y las demandas agr\u00edcolas y energ\u00e9ticas. Para garantizar la calidad y disponibilidad del agua, es necesaria una planificaci\u00f3n hidrol\u00f3gica integrada con la cooperaci\u00f3n de administraciones, agentes econ\u00f3micos y ciudadan\u00eda.\",\"breadcrumb\":{\"@id\":\"https:\\\/\\\/www.jornadesperalexcellencia.cat\\\/es\\\/edicion-2026\\\/#breadcrumb\"},\"inLanguage\":\"es\",\"potentialAction\":[{\"@type\":\"ReadAction\",\"target\":[\"https:\\\/\\\/www.jornadesperalexcellencia.cat\\\/es\\\/edicion-2026\\\/\"]}]},{\"@type\":\"BreadcrumbList\",\"@id\":\"https:\\\/\\\/www.jornadesperalexcellencia.cat\\\/es\\\/edicion-2026\\\/#breadcrumb\",\"itemListElement\":[{\"@type\":\"ListItem\",\"position\":1,\"name\":\"Inici\",\"item\":\"https:\\\/\\\/www.jornadesperalexcellencia.cat\\\/es\\\/inicio\\\/\"},{\"@type\":\"ListItem\",\"position\":2,\"name\":\"Edici\u00f3n 2026\"}]},{\"@type\":\"WebSite\",\"@id\":\"https:\\\/\\\/www.jornadesperalexcellencia.cat\\\/es\\\/#website\",\"url\":\"https:\\\/\\\/www.jornadesperalexcellencia.cat\\\/es\\\/\",\"name\":\"Jornades per a l&#039;excel\u00b7l\u00e8ncia\",\"description\":\"Confer\u00e8ncies anuals per al progr\u00e9s i desenvolupament dels territoris del Pirineu. Esterri d&#039;\u00c0neu i Andorra.\",\"alternateName\":\"Jornades per a l'excel\u00b7l\u00e8ncia\",\"potentialAction\":[{\"@type\":\"SearchAction\",\"target\":{\"@type\":\"EntryPoint\",\"urlTemplate\":\"https:\\\/\\\/www.jornadesperalexcellencia.cat\\\/es\\\/?s={search_term_string}\"},\"query-input\":{\"@type\":\"PropertyValueSpecification\",\"valueRequired\":true,\"valueName\":\"search_term_string\"}}],\"inLanguage\":\"es\"}]}<\/script>\n<!-- \/ Yoast SEO plugin. -->","yoast_head_json":{"title":"Los retos del agua. La gesti\u00f3n para un ma\u00f1ana sostenible","description":"La gesti\u00f3n sostenible del agua en el Pirineo es el tema de las 12 Jornadas para la excelencia. El Alto Pirineo y el Ar\u00e1n enfrentan grandes desaf\u00edos en la gesti\u00f3n sostenible del agua debido al cambio clim\u00e1tico, la presi\u00f3n tur\u00edstica y las demandas agr\u00edcolas y energ\u00e9ticas. Para garantizar la calidad y disponibilidad del agua, es necesaria una planificaci\u00f3n hidrol\u00f3gica integrada con la cooperaci\u00f3n de administraciones, agentes econ\u00f3micos y ciudadan\u00eda.","robots":{"index":"index","follow":"follow","max-snippet":"max-snippet:-1","max-image-preview":"max-image-preview:large","max-video-preview":"max-video-preview:-1"},"canonical":"https:\/\/www.jornadesperalexcellencia.cat\/es\/edicion-2026\/","og_locale":"es_ES","og_type":"article","og_title":"Los retos del agua. La gesti\u00f3n para un ma\u00f1ana sostenible","og_description":"La gesti\u00f3n sostenible del agua en el Pirineo es el tema de las 12 Jornadas para la excelencia. El Alto Pirineo y el Ar\u00e1n enfrentan grandes desaf\u00edos en la gesti\u00f3n sostenible del agua debido al cambio clim\u00e1tico, la presi\u00f3n tur\u00edstica y las demandas agr\u00edcolas y energ\u00e9ticas. Para garantizar la calidad y disponibilidad del agua, es necesaria una planificaci\u00f3n hidrol\u00f3gica integrada con la cooperaci\u00f3n de administraciones, agentes econ\u00f3micos y ciudadan\u00eda.","og_url":"https:\/\/www.jornadesperalexcellencia.cat\/es\/edicion-2026\/","og_site_name":"Jornades per a l&#039;excel\u00b7l\u00e8ncia","article_modified_time":"2026-04-20T09:34:08+00:00","twitter_card":"summary_large_image","twitter_misc":{"Tiempo de lectura":"4 minutos"},"schema":{"@context":"https:\/\/schema.org","@graph":[{"@type":"WebPage","@id":"https:\/\/www.jornadesperalexcellencia.cat\/es\/edicion-2026\/","url":"https:\/\/www.jornadesperalexcellencia.cat\/es\/edicion-2026\/","name":"Los retos del agua. La gesti\u00f3n para un ma\u00f1ana sostenible","isPartOf":{"@id":"https:\/\/www.jornadesperalexcellencia.cat\/es\/#website"},"datePublished":"2026-04-20T09:21:40+00:00","dateModified":"2026-04-20T09:34:08+00:00","description":"La gesti\u00f3n sostenible del agua en el Pirineo es el tema de las 12 Jornadas para la excelencia. El Alto Pirineo y el Ar\u00e1n enfrentan grandes desaf\u00edos en la gesti\u00f3n sostenible del agua debido al cambio clim\u00e1tico, la presi\u00f3n tur\u00edstica y las demandas agr\u00edcolas y energ\u00e9ticas. Para garantizar la calidad y disponibilidad del agua, es necesaria una planificaci\u00f3n hidrol\u00f3gica integrada con la cooperaci\u00f3n de administraciones, agentes econ\u00f3micos y ciudadan\u00eda.","breadcrumb":{"@id":"https:\/\/www.jornadesperalexcellencia.cat\/es\/edicion-2026\/#breadcrumb"},"inLanguage":"es","potentialAction":[{"@type":"ReadAction","target":["https:\/\/www.jornadesperalexcellencia.cat\/es\/edicion-2026\/"]}]},{"@type":"BreadcrumbList","@id":"https:\/\/www.jornadesperalexcellencia.cat\/es\/edicion-2026\/#breadcrumb","itemListElement":[{"@type":"ListItem","position":1,"name":"Inici","item":"https:\/\/www.jornadesperalexcellencia.cat\/es\/inicio\/"},{"@type":"ListItem","position":2,"name":"Edici\u00f3n 2026"}]},{"@type":"WebSite","@id":"https:\/\/www.jornadesperalexcellencia.cat\/es\/#website","url":"https:\/\/www.jornadesperalexcellencia.cat\/es\/","name":"Jornades per a l&#039;excel\u00b7l\u00e8ncia","description":"Confer\u00e8ncies anuals per al progr\u00e9s i desenvolupament dels territoris del Pirineu. Esterri d&#039;\u00c0neu i Andorra.","alternateName":"Jornades per a l'excel\u00b7l\u00e8ncia","potentialAction":[{"@type":"SearchAction","target":{"@type":"EntryPoint","urlTemplate":"https:\/\/www.jornadesperalexcellencia.cat\/es\/?s={search_term_string}"},"query-input":{"@type":"PropertyValueSpecification","valueRequired":true,"valueName":"search_term_string"}}],"inLanguage":"es"}]}},"_links":{"self":[{"href":"https:\/\/www.jornadesperalexcellencia.cat\/es\/wp-json\/wp\/v2\/pages\/12366","targetHints":{"allow":["GET"]}}],"collection":[{"href":"https:\/\/www.jornadesperalexcellencia.cat\/es\/wp-json\/wp\/v2\/pages"}],"about":[{"href":"https:\/\/www.jornadesperalexcellencia.cat\/es\/wp-json\/wp\/v2\/types\/page"}],"author":[{"embeddable":true,"href":"https:\/\/www.jornadesperalexcellencia.cat\/es\/wp-json\/wp\/v2\/users\/1"}],"replies":[{"embeddable":true,"href":"https:\/\/www.jornadesperalexcellencia.cat\/es\/wp-json\/wp\/v2\/comments?post=12366"}],"version-history":[{"count":2,"href":"https:\/\/www.jornadesperalexcellencia.cat\/es\/wp-json\/wp\/v2\/pages\/12366\/revisions"}],"predecessor-version":[{"id":12369,"href":"https:\/\/www.jornadesperalexcellencia.cat\/es\/wp-json\/wp\/v2\/pages\/12366\/revisions\/12369"}],"wp:attachment":[{"href":"https:\/\/www.jornadesperalexcellencia.cat\/es\/wp-json\/wp\/v2\/media?parent=12366"}],"curies":[{"name":"wp","href":"https:\/\/api.w.org\/{rel}","templated":true}]}}