{"id":12338,"date":"2026-04-14T10:53:49","date_gmt":"2026-04-14T08:53:49","guid":{"rendered":"https:\/\/www.jornadesperalexcellencia.cat\/?page_id=12338"},"modified":"2026-04-14T11:04:47","modified_gmt":"2026-04-14T09:04:47","slug":"embajadores","status":"publish","type":"page","link":"https:\/\/www.jornadesperalexcellencia.cat\/es\/embajadores\/","title":{"rendered":"Embajadores"},"content":{"rendered":"<div data-vc-full-width=\"true\" data-vc-full-width-init=\"false\" class=\"vc_row wpb_row vc_row-fluid vc_custom_1774521030093 vc_row-has-fill\" ><div class=\"wpb_column vc_column_container vc_col-sm-12\"><div class=\"vc_column-inner vc_custom_1774349605349\"><div class=\"wpb_wrapper\"><div class=\"qodef-section-title-holder   qodef-st-title-left qodef-st-normal-space qodef-st-with-animation\" >\n\t<div class=\"qodef-st-inner\">\n\t\t\t\t\t\t\t<div class=\"qodef-st-title-wrapper\">\n\t\t\t\t<h1 class=\"qodef-st-title\" style=\"color: #ffffff\">\n\t\t\t\t\tEmbajadores\t\t\t\t<\/h1>\n\t\t\t<\/div>\n\t\t\t\t\t<\/div>\n<\/div><\/div><\/div><\/div><\/div><div class=\"vc_row-full-width vc_clearfix\"><\/div><div class=\"vc_row wpb_row vc_row-fluid vc_custom_1775136970603 vc_row-has-fill\" ><div class=\"wpb_column vc_column_container vc_col-sm-6\"><div class=\"vc_column-inner\"><div class=\"wpb_wrapper\">\n\t<div class=\"wpb_text_column wpb_content_element\" >\n\t\t<div class=\"wpb_wrapper\">\n\t\t\t<h3><strong>Difusi\u00f3n<\/strong><\/h3>\n<p>Los embajadores y embajadoras contribuyen a dar visibilidad a las Jornadas para la excelencia, haciendo llegar su ideario, sus valores y su manera de entender el territorio, el liderazgo y el compromiso a nuevos p\u00fablicos y \u00e1mbitos.<\/p>\n\n\t\t<\/div>\n\t<\/div>\n<\/div><\/div><\/div><div class=\"wpb_column vc_column_container vc_col-sm-6\"><div class=\"vc_column-inner\"><div class=\"wpb_wrapper\">\n\t<div class=\"wpb_text_column wpb_content_element\" >\n\t\t<div class=\"wpb_wrapper\">\n\t\t\t<h3><strong>Reflexi\u00f3n<\/strong><\/h3>\n<p>Su funci\u00f3n tambi\u00e9n parte de la voluntad de impulsar el pensamiento, generar di\u00e1logo y enriquecer la reflexi\u00f3n alrededor del presente y del futuro de las Jornadas para la excelencia, acompa\u00f1ando la evoluci\u00f3n con una mirada comprometida, constructiva y sostenible.<\/p>\n\n\t\t<\/div>\n\t<\/div>\n<\/div><\/div><\/div><\/div><div class=\"vc_row wpb_row vc_row-fluid vc_custom_1775137008898\" ><div class=\"wpb_column vc_column_container vc_col-sm-3\"><div class=\"vc_column-inner\"><div class=\"wpb_wrapper\">\n\t<div  class=\"wpb_single_image wpb_content_element vc_align_left\">\n\t\t\n\t\t<figure class=\"wpb_wrapper vc_figure\">\n\t\t\t<div class=\"vc_single_image-wrapper   vc_box_border_grey\"><img loading=\"lazy\" decoding=\"async\" width=\"448\" height=\"550\" src=\"https:\/\/www.jornadesperalexcellencia.cat\/wp-content\/uploads\/2026\/03\/raul-bobet-ambaixador-jornades.jpg\" class=\"vc_single_image-img attachment-full\" alt=\"\" srcset=\"https:\/\/www.jornadesperalexcellencia.cat\/wp-content\/uploads\/2026\/03\/raul-bobet-ambaixador-jornades.jpg 448w, https:\/\/www.jornadesperalexcellencia.cat\/wp-content\/uploads\/2026\/03\/raul-bobet-ambaixador-jornades-244x300.jpg 244w, https:\/\/www.jornadesperalexcellencia.cat\/wp-content\/uploads\/2026\/03\/raul-bobet-ambaixador-jornades-10x12.jpg 10w\" sizes=\"auto, (max-width: 448px) 100vw, 448px\" \/><\/div>\n\t\t<\/figure>\n\t<\/div>\n<div class=\"qodef-section-title-holder   qodef-st-title-left qodef-st-normal-space qodef-st-with-animation\" >\n\t<div class=\"qodef-st-inner\">\n\t\t\t\t\t\t\t<div class=\"qodef-st-title-wrapper\">\n\t\t\t\t<h3 class=\"qodef-st-title\" style=\"color: #000000;margin-top: 16px\">\n\t\t\t\t\tRA\u00dcL BOBET\t\t\t\t<\/h3>\n\t\t\t<\/div>\n\t\t\t\t\t<\/div>\n<\/div><div class=\"qodef-section-title-holder   qodef-st-title-left qodef-st-normal-space\" >\n\t<div class=\"qodef-st-inner\">\n\t\t\t\t\t\t\t\t\t<div class=\"qodef-st-text-wrapper\">\n\t\t\t\t<p class=\"qodef-st-text\" style=\"color: #bd3238\">\n\t\t\t\t\tPROPIETARIO CASTELL d\u2019ENC\u00daS\t\t\t\t<\/p>\n\t\t\t<\/div>\n\t\t\t<\/div>\n<\/div><div class=\"vc_separator wpb_content_element vc_separator_align_center vc_sep_width_100 vc_sep_pos_align_center vc_separator_no_text vc_sep_color_grey vc_custom_1774361838172  vc_custom_1774361838172\" ><span class=\"vc_sep_holder vc_sep_holder_l\"><span  class=\"vc_sep_line\"><\/span><\/span><span class=\"vc_sep_holder vc_sep_holder_r\"><span  class=\"vc_sep_line\"><\/span><\/span>\n<\/div>\n\t<div class=\"wpb_text_column wpb_content_element\" >\n\t\t<div class=\"wpb_wrapper\">\n\t\t\t<ul>\n<li>Creador y director de Castell de Enc\u00fas y Ferrer Bobet<\/li>\n<li>\u2060Ingeniero Qu\u00edmico (IQS)<\/li>\n<li>Masters in Food Science UCDavis<\/li>\n<li>Doctor en Enolog\u00eda<\/li>\n<\/ul>\n\n\t\t<\/div>\n\t<\/div>\n<div class=\"vc_empty_space\"   style=\"height: 32px\"><span class=\"vc_empty_space_inner\"><\/span><\/div><\/div><\/div><\/div><div class=\"wpb_column vc_column_container vc_col-sm-3\"><div class=\"vc_column-inner\"><div class=\"wpb_wrapper\">\n\t<div  class=\"wpb_single_image wpb_content_element vc_align_left\">\n\t\t\n\t\t<figure class=\"wpb_wrapper vc_figure\">\n\t\t\t<div class=\"vc_single_image-wrapper   vc_box_border_grey\"><img loading=\"lazy\" decoding=\"async\" width=\"448\" height=\"550\" src=\"https:\/\/www.jornadesperalexcellencia.cat\/wp-content\/uploads\/2026\/03\/roser-roca-ambaixador-jornades.jpg\" class=\"vc_single_image-img attachment-full\" alt=\"\" srcset=\"https:\/\/www.jornadesperalexcellencia.cat\/wp-content\/uploads\/2026\/03\/roser-roca-ambaixador-jornades.jpg 448w, https:\/\/www.jornadesperalexcellencia.cat\/wp-content\/uploads\/2026\/03\/roser-roca-ambaixador-jornades-244x300.jpg 244w, https:\/\/www.jornadesperalexcellencia.cat\/wp-content\/uploads\/2026\/03\/roser-roca-ambaixador-jornades-10x12.jpg 10w\" sizes=\"auto, (max-width: 448px) 100vw, 448px\" \/><\/div>\n\t\t<\/figure>\n\t<\/div>\n<div class=\"qodef-section-title-holder   qodef-st-title-left qodef-st-normal-space qodef-st-with-animation\" >\n\t<div class=\"qodef-st-inner\">\n\t\t\t\t\t\t\t<div class=\"qodef-st-title-wrapper\">\n\t\t\t\t<h3 class=\"qodef-st-title\" style=\"color: #000000;margin-top: 16px\">\n\t\t\t\t\tROSER ROCA\t\t\t\t<\/h3>\n\t\t\t<\/div>\n\t\t\t\t\t<\/div>\n<\/div><div class=\"qodef-section-title-holder   qodef-st-title-left qodef-st-normal-space\" >\n\t<div class=\"qodef-st-inner\">\n\t\t\t\t\t\t\t\t\t<div class=\"qodef-st-text-wrapper\">\n\t\t\t\t<p class=\"qodef-st-text\" style=\"color: #bd3238\">\n\t\t\t\t\tCEO AIRBUS GEO TECH\t\t\t\t<\/p>\n\t\t\t<\/div>\n\t\t\t<\/div>\n<\/div><div class=\"vc_separator wpb_content_element vc_separator_align_center vc_sep_width_100 vc_sep_pos_align_center vc_separator_no_text vc_sep_color_grey vc_custom_1774361838172  vc_custom_1774361838172\" ><span class=\"vc_sep_holder vc_sep_holder_l\"><span  class=\"vc_sep_line\"><\/span><\/span><span class=\"vc_sep_holder vc_sep_holder_r\"><span  class=\"vc_sep_line\"><\/span><\/span>\n<\/div>\n\t<div class=\"wpb_text_column wpb_content_element\" >\n\t\t<div class=\"wpb_wrapper\">\n\t\t\t<ul>\n<li>Vice Presidenta Strategy Airbus Defence &amp; Space<\/li>\n<li>Head of Marketing (USA, Germany, Airbus)<\/li>\n<li>\u2060\u2060350 Programme Management (France, Airbus)<\/li>\n<li>Premio DonaTIC 2024<\/li>\n<li>\u2060\u2060Forbes Top100 Most Influencial Women Catalonia 2025<\/li>\n<li>\u2060\u2060AP Lleida &#8211; Premio a la Innovaci\u00f3n 2026<\/li>\n<\/ul>\n\n\t\t<\/div>\n\t<\/div>\n<div class=\"vc_empty_space\"   style=\"height: 32px\"><span class=\"vc_empty_space_inner\"><\/span><\/div><\/div><\/div><\/div><div class=\"wpb_column vc_column_container vc_col-sm-3\"><div class=\"vc_column-inner\"><div class=\"wpb_wrapper\">\n\t<div  class=\"wpb_single_image wpb_content_element vc_align_left\">\n\t\t\n\t\t<figure class=\"wpb_wrapper vc_figure\">\n\t\t\t<div class=\"vc_single_image-wrapper   vc_box_border_grey\"><img loading=\"lazy\" decoding=\"async\" width=\"448\" height=\"550\" src=\"https:\/\/www.jornadesperalexcellencia.cat\/wp-content\/uploads\/2026\/03\/josep-gonzalez-ambaixador-jornades.jpg\" class=\"vc_single_image-img attachment-full\" alt=\"\" srcset=\"https:\/\/www.jornadesperalexcellencia.cat\/wp-content\/uploads\/2026\/03\/josep-gonzalez-ambaixador-jornades.jpg 448w, https:\/\/www.jornadesperalexcellencia.cat\/wp-content\/uploads\/2026\/03\/josep-gonzalez-ambaixador-jornades-244x300.jpg 244w, https:\/\/www.jornadesperalexcellencia.cat\/wp-content\/uploads\/2026\/03\/josep-gonzalez-ambaixador-jornades-10x12.jpg 10w\" sizes=\"auto, (max-width: 448px) 100vw, 448px\" \/><\/div>\n\t\t<\/figure>\n\t<\/div>\n<div class=\"qodef-section-title-holder   qodef-st-title-left qodef-st-normal-space qodef-st-with-animation\" >\n\t<div class=\"qodef-st-inner\">\n\t\t\t\t\t\t\t<div class=\"qodef-st-title-wrapper\">\n\t\t\t\t<h3 class=\"qodef-st-title\" style=\"color: #000000;margin-top: 16px\">\n\t\t\t\t\tJOSEP GONZ\u00c1LEZ\t\t\t\t<\/h3>\n\t\t\t<\/div>\n\t\t\t\t\t<\/div>\n<\/div><div class=\"qodef-section-title-holder   qodef-st-title-left qodef-st-normal-space\" >\n\t<div class=\"qodef-st-inner\">\n\t\t\t\t\t\t\t\t\t<div class=\"qodef-st-text-wrapper\">\n\t\t\t\t<p class=\"qodef-st-text\" style=\"color: #bd3238\">\n\t\t\t\t\tPRESIDENTE DE HONOR PIMEC\t\t\t\t<\/p>\n\t\t\t<\/div>\n\t\t\t<\/div>\n<\/div><div class=\"vc_separator wpb_content_element vc_separator_align_center vc_sep_width_100 vc_sep_pos_align_center vc_separator_no_text vc_sep_color_grey vc_custom_1774361838172  vc_custom_1774361838172\" ><span class=\"vc_sep_holder vc_sep_holder_l\"><span  class=\"vc_sep_line\"><\/span><\/span><span class=\"vc_sep_holder vc_sep_holder_r\"><span  class=\"vc_sep_line\"><\/span><\/span>\n<\/div>\n\t<div class=\"wpb_text_column wpb_content_element\" >\n\t\t<div class=\"wpb_wrapper\">\n\t\t\t<ul>\n<li>CRUZ DE SANT JORDI<\/li>\n<li>Presidente de HONOR CONPYMES<\/li>\n<li>Presidente de la Fundaci\u00f3n PIMEC<\/li>\n<li>Presidente de Honor de Pallarsactiu<\/li>\n<li>Empresario<\/li>\n<li>Miembro de Patronatos<\/li>\n<\/ul>\n\n\t\t<\/div>\n\t<\/div>\n<div class=\"vc_empty_space\"   style=\"height: 32px\"><span class=\"vc_empty_space_inner\"><\/span><\/div><\/div><\/div><\/div><div class=\"wpb_column vc_column_container vc_col-sm-3\"><div class=\"vc_column-inner\"><div class=\"wpb_wrapper\">\n\t<div  class=\"wpb_single_image wpb_content_element vc_align_left\">\n\t\t\n\t\t<figure class=\"wpb_wrapper vc_figure\">\n\t\t\t<div class=\"vc_single_image-wrapper   vc_box_border_grey\"><img loading=\"lazy\" decoding=\"async\" width=\"448\" height=\"550\" src=\"https:\/\/www.jornadesperalexcellencia.cat\/wp-content\/uploads\/2026\/03\/quim-boixareu-ambaixador-jornades.jpg\" class=\"vc_single_image-img attachment-full\" alt=\"\" srcset=\"https:\/\/www.jornadesperalexcellencia.cat\/wp-content\/uploads\/2026\/03\/quim-boixareu-ambaixador-jornades.jpg 448w, https:\/\/www.jornadesperalexcellencia.cat\/wp-content\/uploads\/2026\/03\/quim-boixareu-ambaixador-jornades-244x300.jpg 244w, https:\/\/www.jornadesperalexcellencia.cat\/wp-content\/uploads\/2026\/03\/quim-boixareu-ambaixador-jornades-10x12.jpg 10w\" sizes=\"auto, (max-width: 448px) 100vw, 448px\" \/><\/div>\n\t\t<\/figure>\n\t<\/div>\n<div class=\"qodef-section-title-holder   qodef-st-title-left qodef-st-normal-space qodef-st-with-animation\" >\n\t<div class=\"qodef-st-inner\">\n\t\t\t\t\t\t\t<div class=\"qodef-st-title-wrapper\">\n\t\t\t\t<h3 class=\"qodef-st-title\" style=\"color: #000000;margin-top: 16px\">\n\t\t\t\t\tQUIM BOIXAREU\t\t\t\t<\/h3>\n\t\t\t<\/div>\n\t\t\t\t\t<\/div>\n<\/div><div class=\"qodef-section-title-holder   qodef-st-title-left qodef-st-normal-space\" >\n\t<div class=\"qodef-st-inner\">\n\t\t\t\t\t\t\t\t\t<div class=\"qodef-st-text-wrapper\">\n\t\t\t\t<p class=\"qodef-st-text\" style=\"color: #bd3238\">\n\t\t\t\t\tCEO IRESTAL\t\t\t\t<\/p>\n\t\t\t<\/div>\n\t\t\t<\/div>\n<\/div><div class=\"vc_separator wpb_content_element vc_separator_align_center vc_sep_width_100 vc_sep_pos_align_center vc_separator_no_text vc_sep_color_grey vc_custom_1774361838172  vc_custom_1774361838172\" ><span class=\"vc_sep_holder vc_sep_holder_l\"><span  class=\"vc_sep_line\"><\/span><\/span><span class=\"vc_sep_holder vc_sep_holder_r\"><span  class=\"vc_sep_line\"><\/span><\/span>\n<\/div>\n\t<div class=\"wpb_text_column wpb_content_element\" >\n\t\t<div class=\"wpb_wrapper\">\n\t\t\t<ul>\n<li>Fundaci\u00f3n Catalana para la Investigaci\u00f3n y la Innovaci\u00f3n (FCRI)<\/li>\n<li>Fundaci\u00f3n Pasqual Maragall<\/li>\n<li>Associaci\u00f3n Barcelona Global<\/li>\n<li>Uni\u00f3n Patronal Metal\u00fargica (UPM)<\/li>\n<li>Fundaci\u00f3n de empresarios de Catalu\u00f1a &#8211; FemCAT<\/li>\n<\/ul>\n\n\t\t<\/div>\n\t<\/div>\n<div class=\"vc_empty_space\"   style=\"height: 32px\"><span class=\"vc_empty_space_inner\"><\/span><\/div><\/div><\/div><\/div><\/div><div class=\"vc_row wpb_row vc_row-fluid\" ><div class=\"wpb_column vc_column_container vc_col-sm-3\"><div class=\"vc_column-inner\"><div class=\"wpb_wrapper\">\n\t<div  class=\"wpb_single_image wpb_content_element vc_align_left\">\n\t\t\n\t\t<figure class=\"wpb_wrapper vc_figure\">\n\t\t\t<div class=\"vc_single_image-wrapper   vc_box_border_grey\"><img loading=\"lazy\" decoding=\"async\" width=\"448\" height=\"550\" src=\"https:\/\/www.jornadesperalexcellencia.cat\/wp-content\/uploads\/2026\/04\/Nuria-Cervos-Ambaixadora-Jornades-Excellencia.jpg\" class=\"vc_single_image-img attachment-full\" alt=\"\" srcset=\"https:\/\/www.jornadesperalexcellencia.cat\/wp-content\/uploads\/2026\/04\/Nuria-Cervos-Ambaixadora-Jornades-Excellencia.jpg 448w, https:\/\/www.jornadesperalexcellencia.cat\/wp-content\/uploads\/2026\/04\/Nuria-Cervos-Ambaixadora-Jornades-Excellencia-244x300.jpg 244w, https:\/\/www.jornadesperalexcellencia.cat\/wp-content\/uploads\/2026\/04\/Nuria-Cervos-Ambaixadora-Jornades-Excellencia-10x12.jpg 10w\" sizes=\"auto, (max-width: 448px) 100vw, 448px\" \/><\/div>\n\t\t<\/figure>\n\t<\/div>\n<div class=\"qodef-section-title-holder   qodef-st-title-left qodef-st-normal-space qodef-st-with-animation\" >\n\t<div class=\"qodef-st-inner\">\n\t\t\t\t\t\t\t<div class=\"qodef-st-title-wrapper\">\n\t\t\t\t<h3 class=\"qodef-st-title\" style=\"color: #000000;margin-top: 16px\">\n\t\t\t\t\tN\u00daRIA CERV\u00d3S\t\t\t\t<\/h3>\n\t\t\t<\/div>\n\t\t\t\t\t<\/div>\n<\/div><div class=\"qodef-section-title-holder   qodef-st-title-left qodef-st-normal-space\" >\n\t<div class=\"qodef-st-inner\">\n\t\t\t\t\t\t\t\t\t<div class=\"qodef-st-text-wrapper\">\n\t\t\t\t<p class=\"qodef-st-text\" style=\"color: #bd3238\">\n\t\t\t\t\tCEO CERV\u00d3S\t\t\t\t<\/p>\n\t\t\t<\/div>\n\t\t\t<\/div>\n<\/div><div class=\"vc_separator wpb_content_element vc_separator_align_center vc_sep_width_100 vc_sep_pos_align_center vc_separator_no_text vc_sep_color_grey vc_custom_1774361838172  vc_custom_1774361838172\" ><span class=\"vc_sep_holder vc_sep_holder_l\"><span  class=\"vc_sep_line\"><\/span><\/span><span class=\"vc_sep_holder vc_sep_holder_r\"><span  class=\"vc_sep_line\"><\/span><\/span>\n<\/div>\n\t<div class=\"wpb_text_column wpb_content_element\" >\n\t\t<div class=\"wpb_wrapper\">\n\t\t\t<ul>\n<li>Consejera Delegada Grupo Cerv\u00f3s<\/li>\n<li>Presidenta Gremio Constructores Terres de Lleida<\/li>\n<li>Delegada C\u00e1mara Comercio Lleida<\/li>\n<li>Ingeniera Caminos, Canales y Puertos<\/li>\n<\/ul>\n\n\t\t<\/div>\n\t<\/div>\n<div class=\"vc_empty_space\"   style=\"height: 32px\"><span class=\"vc_empty_space_inner\"><\/span><\/div><\/div><\/div><\/div><div class=\"wpb_column vc_column_container vc_col-sm-3\"><div class=\"vc_column-inner\"><div class=\"wpb_wrapper\">\n\t<div  class=\"wpb_single_image wpb_content_element vc_align_left\">\n\t\t\n\t\t<figure class=\"wpb_wrapper vc_figure\">\n\t\t\t<div class=\"vc_single_image-wrapper   vc_box_border_grey\"><img loading=\"lazy\" decoding=\"async\" width=\"448\" height=\"550\" src=\"https:\/\/www.jornadesperalexcellencia.cat\/wp-content\/uploads\/2026\/03\/josep-roset-ambaixador-jornades.jpg\" class=\"vc_single_image-img attachment-full\" alt=\"\" srcset=\"https:\/\/www.jornadesperalexcellencia.cat\/wp-content\/uploads\/2026\/03\/josep-roset-ambaixador-jornades.jpg 448w, https:\/\/www.jornadesperalexcellencia.cat\/wp-content\/uploads\/2026\/03\/josep-roset-ambaixador-jornades-244x300.jpg 244w, https:\/\/www.jornadesperalexcellencia.cat\/wp-content\/uploads\/2026\/03\/josep-roset-ambaixador-jornades-10x12.jpg 10w\" sizes=\"auto, (max-width: 448px) 100vw, 448px\" \/><\/div>\n\t\t<\/figure>\n\t<\/div>\n<div class=\"qodef-section-title-holder   qodef-st-title-left qodef-st-normal-space qodef-st-with-animation\" >\n\t<div class=\"qodef-st-inner\">\n\t\t\t\t\t\t\t<div class=\"qodef-st-title-wrapper\">\n\t\t\t\t<h3 class=\"qodef-st-title\" style=\"color: #000000;margin-top: 16px\">\n\t\t\t\t\tJOSEP ROSET\t\t\t\t<\/h3>\n\t\t\t<\/div>\n\t\t\t\t\t<\/div>\n<\/div><div class=\"qodef-section-title-holder   qodef-st-title-left qodef-st-normal-space\" >\n\t<div class=\"qodef-st-inner\">\n\t\t\t\t\t\t\t\t\t<div class=\"qodef-st-text-wrapper\">\n\t\t\t\t<p class=\"qodef-st-text\" style=\"color: #bd3238\">\n\t\t\t\t\tPRESIDENTE CIES\t\t\t\t<\/p>\n\t\t\t<\/div>\n\t\t\t<\/div>\n<\/div><div class=\"vc_separator wpb_content_element vc_separator_align_center vc_sep_width_100 vc_sep_pos_align_center vc_separator_no_text vc_sep_color_grey vc_custom_1774361838172  vc_custom_1774361838172\" ><span class=\"vc_sep_holder vc_sep_holder_l\"><span  class=\"vc_sep_line\"><\/span><\/span><span class=\"vc_sep_holder vc_sep_holder_r\"><span  class=\"vc_sep_line\"><\/span><\/span>\n<\/div>\n\t<div class=\"wpb_text_column wpb_content_element\" >\n\t\t<div class=\"wpb_wrapper\">\n\t\t\t<ul>\n<li>Expresidente Federaci\u00f3n Centros Especiales de Trabajo de Catalu\u00f1a<\/li>\n<li>Business Partner OLIVIAS<\/li>\n<li>Vicepresidente de la Fundaci\u00f3n SERT<\/li>\n<li>Cofundador METROPOLIS GRUP<\/li>\n<li>Miembro comit\u00e9 direcci\u00f3n Mutua MC<\/li>\n<li>Director SOLVE SERVICES<\/li>\n<\/ul>\n\n\t\t<\/div>\n\t<\/div>\n<div class=\"vc_empty_space\"   style=\"height: 32px\"><span class=\"vc_empty_space_inner\"><\/span><\/div><\/div><\/div><\/div><div class=\"wpb_column vc_column_container vc_col-sm-3\"><div class=\"vc_column-inner\"><div class=\"wpb_wrapper\">\n\t<div  class=\"wpb_single_image wpb_content_element vc_align_left\">\n\t\t\n\t\t<figure class=\"wpb_wrapper vc_figure\">\n\t\t\t<div class=\"vc_single_image-wrapper   vc_box_border_grey\"><img loading=\"lazy\" decoding=\"async\" width=\"448\" height=\"550\" src=\"https:\/\/www.jornadesperalexcellencia.cat\/wp-content\/uploads\/2026\/03\/oriol-amat-ambaixador-jornades.jpg\" class=\"vc_single_image-img attachment-full\" alt=\"\" srcset=\"https:\/\/www.jornadesperalexcellencia.cat\/wp-content\/uploads\/2026\/03\/oriol-amat-ambaixador-jornades.jpg 448w, https:\/\/www.jornadesperalexcellencia.cat\/wp-content\/uploads\/2026\/03\/oriol-amat-ambaixador-jornades-244x300.jpg 244w, https:\/\/www.jornadesperalexcellencia.cat\/wp-content\/uploads\/2026\/03\/oriol-amat-ambaixador-jornades-10x12.jpg 10w\" sizes=\"auto, (max-width: 448px) 100vw, 448px\" \/><\/div>\n\t\t<\/figure>\n\t<\/div>\n<div class=\"qodef-section-title-holder   qodef-st-title-left qodef-st-normal-space qodef-st-with-animation\" >\n\t<div class=\"qodef-st-inner\">\n\t\t\t\t\t\t\t<div class=\"qodef-st-title-wrapper\">\n\t\t\t\t<h3 class=\"qodef-st-title\" style=\"color: #000000;margin-top: 16px\">\n\t\t\t\t\tORIOL AMAT\t\t\t\t<\/h3>\n\t\t\t<\/div>\n\t\t\t\t\t<\/div>\n<\/div><div class=\"qodef-section-title-holder   qodef-st-title-left qodef-st-normal-space\" >\n\t<div class=\"qodef-st-inner\">\n\t\t\t\t\t\t\t\t\t<div class=\"qodef-st-text-wrapper\">\n\t\t\t\t<p class=\"qodef-st-text\" style=\"color: #bd3238\">\n\t\t\t\t\tCATEDR\u00c1TICO UPF BSM\t\t\t\t<\/p>\n\t\t\t<\/div>\n\t\t\t<\/div>\n<\/div><div class=\"vc_separator wpb_content_element vc_separator_align_center vc_sep_width_100 vc_sep_pos_align_center vc_separator_no_text vc_sep_color_grey vc_custom_1774361838172  vc_custom_1774361838172\" ><span class=\"vc_sep_holder vc_sep_holder_l\"><span  class=\"vc_sep_line\"><\/span><\/span><span class=\"vc_sep_holder vc_sep_holder_r\"><span  class=\"vc_sep_line\"><\/span><\/span>\n<\/div>\n\t<div class=\"wpb_text_column wpb_content_element\" >\n\t\t<div class=\"wpb_wrapper\">\n\t\t\t<ul>\n<li>Presidente Fundaci\u00f3n Econom\u00eda y Empresa<\/li>\n<li>Presidente Observatorio de la Pyme (Pimec)<\/li>\n<li>Exrector UPF<\/li>\n<li>Exdecano Colegio de Economistas<\/li>\n<\/ul>\n\n\t\t<\/div>\n\t<\/div>\n<div class=\"vc_empty_space\"   style=\"height: 32px\"><span class=\"vc_empty_space_inner\"><\/span><\/div><\/div><\/div><\/div><div class=\"wpb_column vc_column_container vc_col-sm-3\"><div class=\"vc_column-inner\"><div class=\"wpb_wrapper\"><\/div><\/div><\/div><\/div><div class=\"vc_row wpb_row vc_row-fluid\" ><div class=\"wpb_column vc_column_container vc_col-sm-12\"><div class=\"vc_column-inner\"><div class=\"wpb_wrapper\"><div class=\"vc_empty_space\"   style=\"height: 100px\"><span class=\"vc_empty_space_inner\"><\/span><\/div><\/div><\/div><\/div><\/div>","protected":false},"excerpt":{"rendered":"Embajadores Difusi\u00f3n Los embajadores y embajadoras contribuyen a dar visibilidad a las Jornadas para la excelencia, haciendo llegar su ideario, sus valores y su manera de entender el territorio, el liderazgo y el compromiso a nuevos p\u00fablicos y \u00e1mbitos. Reflexi\u00f3n Su funci\u00f3n tambi\u00e9n parte de la voluntad de impulsar el pensamiento, generar di\u00e1logo y enriquecer la reflexi\u00f3n alrededor del presente y del futuro de las Jornadas para la excelencia, acompa\u00f1ando la evoluci\u00f3n con una mirada comprometida, constructiva y sostenible. RA\u00dcL [...]","protected":false},"author":1,"featured_media":0,"parent":0,"menu_order":0,"comment_status":"closed","ping_status":"closed","template":"","meta":{"footnotes":""},"class_list":["post-12338","page","type-page","status-publish","hentry"],"_links":{"self":[{"href":"https:\/\/www.jornadesperalexcellencia.cat\/es\/wp-json\/wp\/v2\/pages\/12338","targetHints":{"allow":["GET"]}}],"collection":[{"href":"https:\/\/www.jornadesperalexcellencia.cat\/es\/wp-json\/wp\/v2\/pages"}],"about":[{"href":"https:\/\/www.jornadesperalexcellencia.cat\/es\/wp-json\/wp\/v2\/types\/page"}],"author":[{"embeddable":true,"href":"https:\/\/www.jornadesperalexcellencia.cat\/es\/wp-json\/wp\/v2\/users\/1"}],"replies":[{"embeddable":true,"href":"https:\/\/www.jornadesperalexcellencia.cat\/es\/wp-json\/wp\/v2\/comments?post=12338"}],"version-history":[{"count":2,"href":"https:\/\/www.jornadesperalexcellencia.cat\/es\/wp-json\/wp\/v2\/pages\/12338\/revisions"}],"predecessor-version":[{"id":12343,"href":"https:\/\/www.jornadesperalexcellencia.cat\/es\/wp-json\/wp\/v2\/pages\/12338\/revisions\/12343"}],"wp:attachment":[{"href":"https:\/\/www.jornadesperalexcellencia.cat\/es\/wp-json\/wp\/v2\/media?parent=12338"}],"curies":[{"name":"wp","href":"https:\/\/api.w.org\/{rel}","templated":true}]}}